{"id":454,"date":"2021-04-02T09:45:10","date_gmt":"2021-04-02T09:45:10","guid":{"rendered":"https:\/\/controlconsul.com\/web\/?page_id=454"},"modified":"2021-04-02T10:21:24","modified_gmt":"2021-04-02T10:21:24","slug":"tss","status":"publish","type":"page","link":"https:\/\/controlconsul.com\/web\/tss\/","title":{"rendered":"TSS"},"content":{"rendered":"\t\t<div data-elementor-type=\"wp-page\" data-elementor-id=\"454\" class=\"elementor elementor-454\" data-elementor-settings=\"[]\">\n\t\t\t\t\t\t<div class=\"elementor-inner\">\n\t\t\t\t\t\t\t<div class=\"elementor-section-wrap\">\n\t\t\t\t\t\t\t<section class=\"elementor-section elementor-top-section elementor-element elementor-element-7e5a549 elementor-section-boxed elementor-section-height-default elementor-section-height-default\" data-id=\"7e5a549\" data-element_type=\"section\">\n\t\t\t\t\t\t\t<div class=\"elementor-background-overlay\"><\/div>\n\t\t\t\t\t\t\t<div class=\"elementor-container elementor-column-gap-no\">\n\t\t\t\t\t\t\t<div class=\"elementor-row\">\n\t\t\t\t\t<div class=\"aux-parallax-section elementor-column elementor-col-100 elementor-top-column elementor-element elementor-element-d20a053\" data-id=\"d20a053\" data-element_type=\"column\">\n\t\t\t<div class=\"elementor-column-wrap elementor-element-populated\">\n\t\t\t\t\t\t\t<div class=\"elementor-widget-wrap\">\n\t\t\t\t\t\t<section class=\"elementor-section elementor-inner-section elementor-element elementor-element-e3d033a elementor-section-boxed elementor-section-height-default elementor-section-height-default\" data-id=\"e3d033a\" data-element_type=\"section\">\n\t\t\t\t\t\t<div class=\"elementor-container elementor-column-gap-default\">\n\t\t\t\t\t\t\t<div class=\"elementor-row\">\n\t\t\t\t\t<div class=\"aux-parallax-section elementor-column elementor-col-50 elementor-inner-column elementor-element elementor-element-15e9f19\" data-id=\"15e9f19\" data-element_type=\"column\">\n\t\t\t<div class=\"elementor-column-wrap elementor-element-populated\">\n\t\t\t\t\t\t\t<div class=\"elementor-widget-wrap\">\n\t\t\t\t\t\t<div class=\"elementor-element elementor-element-71f2cce elementor-widget elementor-widget-aux_modern_heading\" data-id=\"71f2cce\" data-element_type=\"widget\" data-widget_type=\"aux_modern_heading.default\">\n\t\t\t\t<div class=\"elementor-widget-container\">\n\t\t\t<section class=\"aux-widget-modern-heading\">\n            <div class=\"aux-widget-inner\"><h2 class=\"aux-modern-heading-primary\">Sistema de Trabalho em Grupo C\u00e9lulas TSS<\/h2><div class=\"aux-modern-heading-divider\"><\/div><div class=\"aux-modern-heading-description\"><p>Portugal pode ainda ser considerado um Pa\u00eds de custos baixos quando comparado com os Pa\u00edses do Norte da Europa, mas quando a quest\u00e3o \u00e9 colocada comparativamente aos Pa\u00edses do Leste Europeu e Norte de \u00c1frica, n\u00e3o \u00e9 bem assim. O desenvolvimento de estrat\u00e9gias de produ\u00e7\u00e3o em regime de Resposta R\u00e1pida do TRABALHO-EM-GRUPO apresenta-se como uma solu\u00e7\u00e3o para este problema.<\/p><p>\u00c0 semelhan\u00e7a do que se tem verificado nos Pa\u00edses mais desenvolvidos do Norte da Europa, as empresas que anteciparem as mudan\u00e7as nos mercados e abra\u00e7arem a filosofia do TRABALHO-EM-GRUPO, encontrar-se-\u00e3o numa posi\u00e7\u00e3o mais forte para sobreviver \u00e0s inevit\u00e1veis desloca\u00e7\u00f5es da produ\u00e7\u00e3o para os Pa\u00edses de baixos custos.<\/p><p>O TRABALHO-EM-GRUPO tr\u00e1s v\u00e1rios benef\u00edcios \u00e0s empresas que adiram totalmente \u00e0 sua filosofia global, os quais podem ser descritos da seguinte forma:<\/p><p>Maior efici\u00eancia - Diminui\u00e7\u00e3o dos \u201cem curso de produ\u00e7\u00e3o\u201d - Maior rapidez na sa\u00edda de produto acabado - Melhor Qualidade - Maior satisfa\u00e7\u00e3o com o trabalho por parte dos trabalhadores.<\/p><p>O m\u00e9todo de TRABALHO-EM-GRUPO preferencialmente utilizado pela CONTROLCONSUL \u00e9 o m\u00e9todo conhecido vulgarmente como TSS - Toyota Sewing System. Este m\u00e9todo tem os seguintes requisitos:<\/p><p>- GRUPOS reduzidos de n\u00e3o mais de 6 oper\u00e1rios; <br \/>- Oper\u00e1rios trabalham em p\u00e9;<br \/>- Oper\u00e1rios treinados para serem polivalentes; <br \/>- M\u00e1quinas dispostas em forma de \u201cU\u201d; <br \/>- N\u00edveis m\u00ednimos de trabalho em curso de produ\u00e7\u00e3o.<\/p><\/div><\/div>\n        <\/section>\t\t<\/div>\n\t\t\t\t<\/div>\n\t\t\t\t\t\t<\/div>\n\t\t\t\t\t<\/div>\n\t\t<\/div>\n\t\t\t\t<div class=\"aux-parallax-section elementor-column elementor-col-50 elementor-inner-column elementor-element elementor-element-494b29e\" data-id=\"494b29e\" data-element_type=\"column\">\n\t\t\t<div class=\"elementor-column-wrap elementor-element-populated\">\n\t\t\t\t\t\t\t<div class=\"elementor-widget-wrap\">\n\t\t\t\t\t\t<div class=\"elementor-element elementor-element-22ee5f5 elementor-widget elementor-widget-aux_image\" data-id=\"22ee5f5\" data-element_type=\"widget\" data-widget_type=\"aux_image.default\">\n\t\t\t\t<div class=\"elementor-widget-container\">\n\t\t\t<section class=\"widget-container aux-widget-image aux-alignnone aux-parent-au98c139cc\" style=\"\" >\n    <div class=\"aux-media-hint-frame \">\n        <div class=\"aux-media-image \" >\n        \n            \n\n            \n            <img loading=\"lazy\" width=\"1024\" height=\"1024\" src=\"https:\/\/controlconsul.com\/web\/wp-content\/uploads\/2021\/04\/pexels-wallace-chuck-2973392-1024x1024.jpg\" class=\"aux-attachment aux-featured-image aux-attachment-id-468\" alt=\"pexels-wallace-chuck-2973392\" srcset=\"https:\/\/controlconsul.com\/web\/wp-content\/uploads\/2021\/04\/pexels-wallace-chuck-2973392-150x150.jpg 150w,https:\/\/controlconsul.com\/web\/wp-content\/uploads\/2021\/04\/pexels-wallace-chuck-2973392-300x300.jpg 300w,https:\/\/controlconsul.com\/web\/wp-content\/uploads\/2021\/04\/pexels-wallace-chuck-2973392-768x768.jpg 768w,https:\/\/controlconsul.com\/web\/wp-content\/uploads\/2021\/04\/pexels-wallace-chuck-2973392-1024x1024.jpg 1024w,https:\/\/controlconsul.com\/web\/wp-content\/uploads\/2021\/04\/pexels-wallace-chuck-2973392-1024x1024.jpg 1024w\" data-ratio=\"1\" data-original-w=\"1707\" sizes=\"(max-width:479px) 480px,(max-width:767px) 768px,(max-width:1023px) 1024px,1024px\" \/>            \n                <\/div>\n    <\/div>\n\n<\/section><!-- widget-container -->\t\t<\/div>\n\t\t\t\t<\/div>\n\t\t\t\t\t\t<\/div>\n\t\t\t\t\t<\/div>\n\t\t<\/div>\n\t\t\t\t\t\t\t\t<\/div>\n\t\t\t\t\t<\/div>\n\t\t<\/section>\n\t\t\t\t\t\t<\/div>\n\t\t\t\t\t<\/div>\n\t\t<\/div>\n\t\t\t\t\t\t\t\t<\/div>\n\t\t\t\t\t<\/div>\n\t\t<\/section>\n\t\t\t\t\t\t<\/div>\n\t\t\t\t\t\t<\/div>\n\t\t\t\t\t<\/div>\n\t\t","protected":false},"excerpt":{"rendered":"<p>Sistema de Trabalho em Grupo C\u00e9lulas TSS Portugal pode ainda ser considerado um Pa\u00eds de custos baixos quando comparado com os Pa\u00edses do Norte da Europa, mas quando a quest\u00e3o \u00e9 colocada comparativamente aos Pa\u00edses do Leste Europeu e Norte de \u00c1frica, n\u00e3o \u00e9 bem assim. O desenvolvimento de estrat\u00e9gias de produ\u00e7\u00e3o em regime de [&hellip;]<\/p>\n","protected":false},"author":1,"featured_media":0,"parent":0,"menu_order":0,"comment_status":"closed","ping_status":"closed","template":"templates\/page-builder-content.php","meta":[],"_links":{"self":[{"href":"https:\/\/controlconsul.com\/web\/wp-json\/wp\/v2\/pages\/454"}],"collection":[{"href":"https:\/\/controlconsul.com\/web\/wp-json\/wp\/v2\/pages"}],"about":[{"href":"https:\/\/controlconsul.com\/web\/wp-json\/wp\/v2\/types\/page"}],"author":[{"embeddable":true,"href":"https:\/\/controlconsul.com\/web\/wp-json\/wp\/v2\/users\/1"}],"replies":[{"embeddable":true,"href":"https:\/\/controlconsul.com\/web\/wp-json\/wp\/v2\/comments?post=454"}],"version-history":[{"count":8,"href":"https:\/\/controlconsul.com\/web\/wp-json\/wp\/v2\/pages\/454\/revisions"}],"predecessor-version":[{"id":472,"href":"https:\/\/controlconsul.com\/web\/wp-json\/wp\/v2\/pages\/454\/revisions\/472"}],"wp:attachment":[{"href":"https:\/\/controlconsul.com\/web\/wp-json\/wp\/v2\/media?parent=454"}],"curies":[{"name":"wp","href":"https:\/\/api.w.org\/{rel}","templated":true}]}}