{"id":441,"date":"2021-03-31T21:22:35","date_gmt":"2021-03-31T21:22:35","guid":{"rendered":"https:\/\/controlconsul.com\/web\/?page_id=441"},"modified":"2021-03-31T21:25:29","modified_gmt":"2021-03-31T21:25:29","slug":"quicktrucost","status":"publish","type":"page","link":"https:\/\/controlconsul.com\/web\/quicktrucost\/","title":{"rendered":"QUICKTRUCOST"},"content":{"rendered":"\t\t<div data-elementor-type=\"wp-page\" data-elementor-id=\"441\" class=\"elementor elementor-441\" data-elementor-settings=\"[]\">\n\t\t\t\t\t\t<div class=\"elementor-inner\">\n\t\t\t\t\t\t\t<div class=\"elementor-section-wrap\">\n\t\t\t\t\t\t\t<section class=\"elementor-section elementor-top-section elementor-element elementor-element-7e5a549 elementor-section-boxed elementor-section-height-default elementor-section-height-default\" data-id=\"7e5a549\" data-element_type=\"section\">\n\t\t\t\t\t\t\t<div class=\"elementor-background-overlay\"><\/div>\n\t\t\t\t\t\t\t<div class=\"elementor-container elementor-column-gap-no\">\n\t\t\t\t\t\t\t<div class=\"elementor-row\">\n\t\t\t\t\t<div class=\"aux-parallax-section elementor-column elementor-col-100 elementor-top-column elementor-element elementor-element-d20a053\" data-id=\"d20a053\" data-element_type=\"column\">\n\t\t\t<div class=\"elementor-column-wrap elementor-element-populated\">\n\t\t\t\t\t\t\t<div class=\"elementor-widget-wrap\">\n\t\t\t\t\t\t<section class=\"elementor-section elementor-inner-section elementor-element elementor-element-e3d033a elementor-section-boxed elementor-section-height-default elementor-section-height-default\" data-id=\"e3d033a\" data-element_type=\"section\">\n\t\t\t\t\t\t<div class=\"elementor-container elementor-column-gap-default\">\n\t\t\t\t\t\t\t<div class=\"elementor-row\">\n\t\t\t\t\t<div class=\"aux-parallax-section elementor-column elementor-col-50 elementor-inner-column elementor-element elementor-element-15e9f19\" data-id=\"15e9f19\" data-element_type=\"column\">\n\t\t\t<div class=\"elementor-column-wrap elementor-element-populated\">\n\t\t\t\t\t\t\t<div class=\"elementor-widget-wrap\">\n\t\t\t\t\t\t<div class=\"elementor-element elementor-element-71f2cce elementor-widget elementor-widget-aux_modern_heading\" data-id=\"71f2cce\" data-element_type=\"widget\" data-widget_type=\"aux_modern_heading.default\">\n\t\t\t\t<div class=\"elementor-widget-container\">\n\t\t\t<section class=\"aux-widget-modern-heading\">\n            <div class=\"aux-widget-inner\"><h2 class=\"aux-modern-heading-primary\">QUICKTRUCOST - SISTEMA DE CUSTEIO R\u00c1PIDO<\/h2><div class=\"aux-modern-heading-divider\"><\/div><div class=\"aux-modern-heading-description\"><p>O Desenvolvimento de Produto \u00e9 uma fase critica para o sucesso do ciclo de venda. O c\u00e1lculo preciso dos custos e valor do produto tem se tornado cada vez mais importante. Tradicionalmente, tem sido aceit\u00e1vel calcular os custos do material, dos aviamentos e acess\u00f3rios, \u2026 e depois... adivinhar o conte\u00fado do trabalho!!!<\/p><p>Nos dias competitivos de hoje, este processo de \u201cestimar\u201d o trabalho n\u00e3o pode ser pr\u00e1tica comum nas empresas que pretendem manter-se competitivas. \u00c9 verdade que o custo do trabalho raramente \u00e9 o maior elemento de custo do produto, mas... saber quanto tempo demora a produzir um produto n\u00e3o se trata apenas de saber custos... Efici\u00eancia, produtividade, capacidade de produ\u00e7\u00e3o e prazos de entrega, todos assentam em determina\u00e7\u00f5es correctas dos tempos de produ\u00e7\u00e3o dos produtos.<\/p><p>Em primeiro lugar, o custo determinado durante o desenvolvimento do produto pode ser alto o suficiente para \u2018atirar\u2019 os modelos seleccionados para fora das margens de lucro bruto, o pr\u00f3prio custo em si pode ter muita pouca rela\u00e7\u00e3o com o custo real.<\/p><p><br \/>Em segundo lugar, se o modelo seleccionado for avaliado abaixo do seu custo real, o produto ir\u00e1 com certeza vender-se muito bem, mas iremos perder dinheiro em cada unidade vendida!<\/p><p>Em terceiro lugar, est\u00e1 a precis\u00e3o do processo da atribui\u00e7\u00e3o de custos. Geralmente seguem uma ordem atrav\u00e9s de ideias do tipo \u201ceste modelo \u00e9 parecido com o modelo 123 do ano passado\u201d ou tentativas de custeio de cada opera\u00e7\u00e3o do modelo. O primeiro m\u00e9todo \u00e9 obviamente uma forma de tentar adivinhar. O segundo, nesta fase de defini\u00e7\u00e3o do pre\u00e7o, \u00e9 normalmente impratic\u00e1vel nos dias de hoje, devido \u00e0s muitas exig\u00eancias de Qualidade, complexidade dos modelos e baixos volumes de produ\u00e7\u00e3o por modelo com prazos de entrega cada vez mais curtos.<\/p><\/div><\/div>\n        <\/section>\t\t<\/div>\n\t\t\t\t<\/div>\n\t\t\t\t\t\t<\/div>\n\t\t\t\t\t<\/div>\n\t\t<\/div>\n\t\t\t\t<div class=\"aux-parallax-section elementor-column elementor-col-50 elementor-inner-column elementor-element elementor-element-494b29e\" data-id=\"494b29e\" data-element_type=\"column\">\n\t\t\t<div class=\"elementor-column-wrap elementor-element-populated\">\n\t\t\t\t\t\t\t<div class=\"elementor-widget-wrap\">\n\t\t\t\t\t\t<div class=\"elementor-element elementor-element-22ee5f5 elementor-widget elementor-widget-aux_image\" data-id=\"22ee5f5\" data-element_type=\"widget\" data-widget_type=\"aux_image.default\">\n\t\t\t\t<div class=\"elementor-widget-container\">\n\t\t\t<section class=\"widget-container aux-widget-image aux-alignnone aux-parent-au2e2db8ac\" style=\"\" >\n    <div class=\"aux-media-hint-frame \">\n        <div class=\"aux-media-image \" >\n        \n            \n\n            \n            <img loading=\"lazy\" width=\"385\" height=\"847\" src=\"https:\/\/controlconsul.com\/web\/wp-content\/uploads\/2021\/03\/Shirt-Poster-8.5x11.gif\" class=\"aux-attachment aux-featured-image aux-attachment-id-442\" alt=\"Shirt Poster 8.5x11\" srcset=\"https:\/\/controlconsul.com\/web\/wp-content\/uploads\/2021\/03\/Shirt-Poster-8.5x11-150x150.gif 150w,https:\/\/controlconsul.com\/web\/wp-content\/uploads\/2021\/03\/Shirt-Poster-8.5x11-300x300.gif 300w,https:\/\/controlconsul.com\/web\/wp-content\/uploads\/2021\/03\/Shirt-Poster-8.5x11.gif 385w\" data-ratio=\"1\" data-original-w=\"385\" sizes=\"(max-width:479px) 480px,(max-width:767px) 768px,(max-width:1023px) 1024px,385px\" \/>            \n                <\/div>\n    <\/div>\n\n<\/section><!-- widget-container -->\t\t<\/div>\n\t\t\t\t<\/div>\n\t\t\t\t\t\t<\/div>\n\t\t\t\t\t<\/div>\n\t\t<\/div>\n\t\t\t\t\t\t\t\t<\/div>\n\t\t\t\t\t<\/div>\n\t\t<\/section>\n\t\t\t\t\t\t<\/div>\n\t\t\t\t\t<\/div>\n\t\t<\/div>\n\t\t\t\t\t\t\t\t<\/div>\n\t\t\t\t\t<\/div>\n\t\t<\/section>\n\t\t\t\t\t\t<\/div>\n\t\t\t\t\t\t<\/div>\n\t\t\t\t\t<\/div>\n\t\t","protected":false},"excerpt":{"rendered":"<p>QUICKTRUCOST &#8211; SISTEMA DE CUSTEIO R\u00c1PIDO O Desenvolvimento de Produto \u00e9 uma fase critica para o sucesso do ciclo de venda. O c\u00e1lculo preciso dos custos e valor do produto tem se tornado cada vez mais importante. Tradicionalmente, tem sido aceit\u00e1vel calcular os custos do material, dos aviamentos e acess\u00f3rios, \u2026 e depois&#8230; adivinhar o [&hellip;]<\/p>\n","protected":false},"author":1,"featured_media":0,"parent":0,"menu_order":0,"comment_status":"closed","ping_status":"closed","template":"templates\/page-builder-content.php","meta":[],"_links":{"self":[{"href":"https:\/\/controlconsul.com\/web\/wp-json\/wp\/v2\/pages\/441"}],"collection":[{"href":"https:\/\/controlconsul.com\/web\/wp-json\/wp\/v2\/pages"}],"about":[{"href":"https:\/\/controlconsul.com\/web\/wp-json\/wp\/v2\/types\/page"}],"author":[{"embeddable":true,"href":"https:\/\/controlconsul.com\/web\/wp-json\/wp\/v2\/users\/1"}],"replies":[{"embeddable":true,"href":"https:\/\/controlconsul.com\/web\/wp-json\/wp\/v2\/comments?post=441"}],"version-history":[{"count":4,"href":"https:\/\/controlconsul.com\/web\/wp-json\/wp\/v2\/pages\/441\/revisions"}],"predecessor-version":[{"id":446,"href":"https:\/\/controlconsul.com\/web\/wp-json\/wp\/v2\/pages\/441\/revisions\/446"}],"wp:attachment":[{"href":"https:\/\/controlconsul.com\/web\/wp-json\/wp\/v2\/media?parent=441"}],"curies":[{"name":"wp","href":"https:\/\/api.w.org\/{rel}","templated":true}]}}