{"id":275,"date":"2021-03-29T18:16:11","date_gmt":"2021-03-29T18:16:11","guid":{"rendered":"https:\/\/controlconsul.com\/web\/?page_id=275"},"modified":"2021-03-31T16:13:23","modified_gmt":"2021-03-31T16:13:23","slug":"gsd","status":"publish","type":"page","link":"https:\/\/controlconsul.com\/web\/gsd\/","title":{"rendered":"GSD"},"content":{"rendered":"\t\t<div data-elementor-type=\"wp-page\" data-elementor-id=\"275\" class=\"elementor elementor-275\" data-elementor-settings=\"[]\">\n\t\t\t\t\t\t<div class=\"elementor-inner\">\n\t\t\t\t\t\t\t<div class=\"elementor-section-wrap\">\n\t\t\t\t\t\t\t<section class=\"elementor-section elementor-top-section elementor-element elementor-element-7e5a549 elementor-section-boxed elementor-section-height-default elementor-section-height-default\" data-id=\"7e5a549\" data-element_type=\"section\">\n\t\t\t\t\t\t\t<div class=\"elementor-background-overlay\"><\/div>\n\t\t\t\t\t\t\t<div class=\"elementor-container elementor-column-gap-no\">\n\t\t\t\t\t\t\t<div class=\"elementor-row\">\n\t\t\t\t\t<div class=\"aux-parallax-section elementor-column elementor-col-100 elementor-top-column elementor-element elementor-element-d20a053\" data-id=\"d20a053\" data-element_type=\"column\">\n\t\t\t<div class=\"elementor-column-wrap elementor-element-populated\">\n\t\t\t\t\t\t\t<div class=\"elementor-widget-wrap\">\n\t\t\t\t\t\t<section class=\"elementor-section elementor-inner-section elementor-element elementor-element-e3d033a elementor-section-boxed elementor-section-height-default elementor-section-height-default\" data-id=\"e3d033a\" data-element_type=\"section\">\n\t\t\t\t\t\t<div class=\"elementor-container elementor-column-gap-default\">\n\t\t\t\t\t\t\t<div class=\"elementor-row\">\n\t\t\t\t\t<div class=\"aux-parallax-section elementor-column elementor-col-50 elementor-inner-column elementor-element elementor-element-15e9f19\" data-id=\"15e9f19\" data-element_type=\"column\">\n\t\t\t<div class=\"elementor-column-wrap elementor-element-populated\">\n\t\t\t\t\t\t\t<div class=\"elementor-widget-wrap\">\n\t\t\t\t\t\t<div class=\"elementor-element elementor-element-71f2cce elementor-widget elementor-widget-aux_modern_heading\" data-id=\"71f2cce\" data-element_type=\"widget\" data-widget_type=\"aux_modern_heading.default\">\n\t\t\t\t<div class=\"elementor-widget-container\">\n\t\t\t<section class=\"aux-widget-modern-heading\">\n            <div class=\"aux-widget-inner\"><h2 class=\"aux-modern-heading-primary\">GSD-General Sewing Data<\/h2><div class=\"aux-modern-heading-divider\"><\/div><div class=\"aux-modern-heading-description\"><p>O GSD foi desenvolvido especificamente para o Sector do Vestu\u00e1rio em 1971. A sua fun\u00e7\u00e3o prim\u00e1ria \u00e9 racionalizar os m\u00e9todos de trabalho e produzir uma avalia\u00e7\u00e3o precisa do tempo e custo necess\u00e1rio para realizar uma tarefa ou opera\u00e7\u00e3o espec\u00edfica.<br \/>Em outras palavras, \u00e9 um meio de descrever, de uma forma precisa, o m\u00e9todo ideal utilizado para completar uma tarefa ou opera\u00e7\u00e3o e, ao descrever o m\u00e9todo, gerar um valor do tempo e um custo.<\/p><p>A flexibilidade do GSD permite que os m\u00e9todos sejam alterados como pretendido. Modifica\u00e7\u00f5es de m\u00e9todos podem ser efectuadas para maximizar o lucro, identificar baixas produtividades e assegurar a efici\u00eancia dos m\u00e9todos de produ\u00e7\u00e3o.<\/p><p>Concentrando-se em duas \u00e1reas chave da gest\u00e3o do neg\u00f3cio, a \u201cfilosofia\u201d do GSD incentiva \u00e0 previs\u00e3o, controlo e redu\u00e7\u00e3o dos custos da m\u00e3o-de-obra durante o desenvolvimento dos produtos, e a medir e melhorar a produtividade no ambiente de produ\u00e7\u00e3o. Ajudando assim a:<\/p><p>- ter acesso aos custos totais de cada produto com rigor.<br \/>- rapidamente avaliar o efeito da varia\u00e7\u00e3o de produtos.<br \/>- padronizar m\u00e9todos de produ\u00e7\u00e3o, tempo e custo.<br \/>- desenvolver uma base de conhecimento precisa e consistente.<br \/>- minimizar o conte\u00fado do trabalho e os tempos em produ\u00e7\u00e3o.<br \/>- optimizar a recupera\u00e7\u00e3o dos custos indirectos.<br \/>- aumentar os lucros.<\/p><p><br \/>O GSD \u00e9 um compromisso com a \u201cmelhor pr\u00e1tica\u201d e uma base tang\u00edvel para comunica\u00e7\u00e3o. Permite a constru\u00e7\u00e3o de uma base de dados de \u201cTempos Padr\u00e3o\u201d precisa e consistente, a qual fornece uma oportunidade para medir a actividade do seu neg\u00f3cio em compara\u00e7\u00e3o com o reconhecido indicador internacional de \u201cbenchmark\u201d - GSD.<\/p><\/div><\/div>\n        <\/section>\t\t<\/div>\n\t\t\t\t<\/div>\n\t\t\t\t\t\t<\/div>\n\t\t\t\t\t<\/div>\n\t\t<\/div>\n\t\t\t\t<div class=\"aux-parallax-section elementor-column elementor-col-50 elementor-inner-column elementor-element elementor-element-494b29e\" data-id=\"494b29e\" data-element_type=\"column\">\n\t\t\t<div class=\"elementor-column-wrap elementor-element-populated\">\n\t\t\t\t\t\t\t<div class=\"elementor-widget-wrap\">\n\t\t\t\t\t\t<div class=\"elementor-element elementor-element-22ee5f5 elementor-widget elementor-widget-aux_image\" data-id=\"22ee5f5\" data-element_type=\"widget\" data-widget_type=\"aux_image.default\">\n\t\t\t\t<div class=\"elementor-widget-container\">\n\t\t\t<section class=\"widget-container aux-widget-image aux-alignnone aux-parent-au0a091fe8\" style=\"\" >\n    <div class=\"aux-media-hint-frame \">\n        <div class=\"aux-media-image \" >\n        \n            \n\n            \n            <img loading=\"lazy\" width=\"759\" height=\"495\" src=\"https:\/\/controlconsul.com\/web\/wp-content\/uploads\/2021\/03\/picture1.jpg\" class=\"aux-attachment aux-featured-image aux-attachment-id-258\" alt=\"GSD\" srcset=\"https:\/\/controlconsul.com\/web\/wp-content\/uploads\/2021\/03\/picture1-150x150.jpg 150w,https:\/\/controlconsul.com\/web\/wp-content\/uploads\/2021\/03\/picture1-300x300.jpg 300w,https:\/\/controlconsul.com\/web\/wp-content\/uploads\/2021\/03\/picture1.jpg 759w\" data-ratio=\"1\" data-original-w=\"759\" sizes=\"(max-width:479px) 480px,(max-width:767px) 768px,(max-width:1023px) 1024px,759px\" \/>            \n                <\/div>\n    <\/div>\n\n<\/section><!-- widget-container -->\t\t<\/div>\n\t\t\t\t<\/div>\n\t\t\t\t\t\t<\/div>\n\t\t\t\t\t<\/div>\n\t\t<\/div>\n\t\t\t\t\t\t\t\t<\/div>\n\t\t\t\t\t<\/div>\n\t\t<\/section>\n\t\t\t\t\t\t<\/div>\n\t\t\t\t\t<\/div>\n\t\t<\/div>\n\t\t\t\t\t\t\t\t<\/div>\n\t\t\t\t\t<\/div>\n\t\t<\/section>\n\t\t\t\t\t\t<\/div>\n\t\t\t\t\t\t<\/div>\n\t\t\t\t\t<\/div>\n\t\t","protected":false},"excerpt":{"rendered":"<p>GSD-General Sewing Data O GSD foi desenvolvido especificamente para o Sector do Vestu\u00e1rio em 1971. A sua fun\u00e7\u00e3o prim\u00e1ria \u00e9 racionalizar os m\u00e9todos de trabalho e produzir uma avalia\u00e7\u00e3o precisa do tempo e custo necess\u00e1rio para realizar uma tarefa ou opera\u00e7\u00e3o espec\u00edfica.Em outras palavras, \u00e9 um meio de descrever, de uma forma precisa, o m\u00e9todo [&hellip;]<\/p>\n","protected":false},"author":1,"featured_media":0,"parent":0,"menu_order":0,"comment_status":"closed","ping_status":"closed","template":"templates\/page-builder-content.php","meta":[],"_links":{"self":[{"href":"https:\/\/controlconsul.com\/web\/wp-json\/wp\/v2\/pages\/275"}],"collection":[{"href":"https:\/\/controlconsul.com\/web\/wp-json\/wp\/v2\/pages"}],"about":[{"href":"https:\/\/controlconsul.com\/web\/wp-json\/wp\/v2\/types\/page"}],"author":[{"embeddable":true,"href":"https:\/\/controlconsul.com\/web\/wp-json\/wp\/v2\/users\/1"}],"replies":[{"embeddable":true,"href":"https:\/\/controlconsul.com\/web\/wp-json\/wp\/v2\/comments?post=275"}],"version-history":[{"count":33,"href":"https:\/\/controlconsul.com\/web\/wp-json\/wp\/v2\/pages\/275\/revisions"}],"predecessor-version":[{"id":425,"href":"https:\/\/controlconsul.com\/web\/wp-json\/wp\/v2\/pages\/275\/revisions\/425"}],"wp:attachment":[{"href":"https:\/\/controlconsul.com\/web\/wp-json\/wp\/v2\/media?parent=275"}],"curies":[{"name":"wp","href":"https:\/\/api.w.org\/{rel}","templated":true}]}}